{"id":156,"date":"2020-01-20T14:14:11","date_gmt":"2020-01-20T11:14:11","guid":{"rendered":"http:\/\/www.servislerbul.com\/derincearcelik\/?page_id=156"},"modified":"2022-01-05T15:49:02","modified_gmt":"2022-01-05T12:49:02","slug":"ana-sayfa","status":"publish","type":"page","link":"https:\/\/www.servislerbul.com\/derincearcelik\/","title":{"rendered":"Ana Sayfa"},"content":{"rendered":"\n<div class=\"wp-block-columns has-3-columns is-services is-layout-flex wp-container-4\">\n<div class=\"wp-block-column is-layout-flow\">\n<figure class=\"wp-block-image size-large\"><img decoding=\"async\" loading=\"lazy\" width=\"225\" height=\"225\" src=\"http:\/\/www.servislerbul.com\/derincearcelik\/wp-content\/uploads\/2020\/01\/uzman.png\" alt=\"\" class=\"wp-image-344\" srcset=\"https:\/\/www.servislerbul.com\/derincearcelik\/wp-content\/uploads\/2020\/01\/uzman.png 225w, https:\/\/www.servislerbul.com\/derincearcelik\/wp-content\/uploads\/2020\/01\/uzman-150x150.png 150w\" sizes=\"(max-width: 225px) 100vw, 225px\" \/><\/figure>\n\n\n\n<h2 class=\"has-text-align-center wp-block-heading\"><a href=\"#\">Uzman Personel<\/a><\/h2>\n\n\n\n<p class=\"has-text-align-center\">Hemen Teknisyenlerimiz ar\u0131zaya m\u00fcdahale eder, kolay basit ve en iyi y\u00f6ntemlerle sorunlar\u0131 \u00e7\u00f6zerek ad\u0131m ad\u0131m sizi bilgilendirir.<\/p>\n\n\n\n<p><\/p>\n<\/div>\n\n\n\n<div class=\"wp-block-column is-layout-flow\">\n<figure class=\"wp-block-image size-large\"><img decoding=\"async\" loading=\"lazy\" width=\"242\" height=\"208\" src=\"http:\/\/www.servislerbul.com\/derincearcelik\/wp-content\/uploads\/2020\/01\/garanti.jpg\" alt=\"\" class=\"wp-image-343\"\/><\/figure>\n\n\n\n<h2 class=\"has-text-align-center wp-block-heading\"><a href=\"#\">Garantili Hizmet<\/a><\/h2>\n\n\n\n<p class=\"has-text-align-center\">De\u011fi\u015ftirilen Yedek Par\u00e7alar\u0131n 1 Y\u0131l Garantisi Bulunmaktad\u0131r. En iyi fiyatlarla hemen ar\u0131za \u00e7\u00f6z\u00fcm\u00fcne gidilir.<\/p>\n<\/div>\n\n\n\n<div class=\"wp-block-column is-layout-flow\">\n<figure class=\"wp-block-image size-large\"><img decoding=\"async\" loading=\"lazy\" width=\"260\" height=\"194\" src=\"http:\/\/www.servislerbul.com\/derincearcelik\/wp-content\/uploads\/2020\/01\/memnuniyet.jpg\" alt=\"\" class=\"wp-image-341\"\/><\/figure>\n\n\n\n<h3 class=\"has-text-align-center wp-block-heading\"><a href=\"#\">M\u00fc\u015fteri Memnuniyeti<\/a><\/h3>\n\n\n\n<p class=\"has-text-align-center\">Birinci Hedefimiz M\u00fc\u015fteri Memnuniyetidir<\/p>\n\n\n\n<p><\/p>\n<\/div>\n<\/div>\n\n\n\n<div class=\"wp-block-columns has-2-columns is-main-message is-layout-flex wp-container-7\">\n<div class=\"wp-block-column is-layout-flow\">\n<h3 class=\"wp-block-heading\">Derince Ar\u00e7elik Servisi<\/h3>\n\n\n\n<p>Kocaeli&#8217; nin t\u00fcm b\u00f6lgelerinde Profesyonel ve h\u0131zl\u0131 servis hizmeti i\u00e7in bizi arayabilirsiniz<\/p>\n\n\n\n<p>Derince Ar\u00e7elik Servisi size en yak\u0131n servis hizmeti ile ayn\u0131 g\u00fcn i\u00e7inde hizmet vermektedir. Kaliteli hizmet ve uygun fiyatlarla uzman personelimiz m\u00fc\u015fteri memnuniyeti odakl\u0131 \u00e7al\u0131\u015fmaktad\u0131r.  <\/p>\n\n\n\n<p>Ar\u00e7elik Beyaz E\u015fya , Klima ve Kombi i\u00e7in bizi arayabilirsiniz<\/p>\n<\/div>\n\n\n\n<div class=\"wp-block-column is-layout-flow\">\n<figure class=\"wp-block-image size-large is-resized\"><img decoding=\"async\" loading=\"lazy\" src=\"http:\/\/www.servislerbul.com\/derincearcelik\/wp-content\/uploads\/2021\/01\/AR\u00c7EL\u0130K-1024x375.png\" alt=\"\" class=\"wp-image-374\" width=\"309\" height=\"112\" srcset=\"https:\/\/www.servislerbul.com\/derincearcelik\/wp-content\/uploads\/2021\/01\/AR\u00c7EL\u0130K-1024x375.png 1024w, https:\/\/www.servislerbul.com\/derincearcelik\/wp-content\/uploads\/2021\/01\/AR\u00c7EL\u0130K-300x110.png 300w, https:\/\/www.servislerbul.com\/derincearcelik\/wp-content\/uploads\/2021\/01\/AR\u00c7EL\u0130K-768x281.png 768w, https:\/\/www.servislerbul.com\/derincearcelik\/wp-content\/uploads\/2021\/01\/AR\u00c7EL\u0130K-1536x562.png 1536w, https:\/\/www.servislerbul.com\/derincearcelik\/wp-content\/uploads\/2021\/01\/AR\u00c7EL\u0130K-2048x749.png 2048w, https:\/\/www.servislerbul.com\/derincearcelik\/wp-content\/uploads\/2021\/01\/AR\u00c7EL\u0130K-1600x585.png 1600w\" sizes=\"(max-width: 309px) 100vw, 309px\" \/><\/figure>\n<\/div>\n<\/div>\n\n\n\n<div style=\"height:27px\" aria-hidden=\"true\" class=\"wp-block-spacer\"><\/div>\n\n\n\n<h2 class=\"wp-block-heading\">Derince Ar\u00e7elik Servisi<\/h2>\n\n\n\n<div class=\"wp-block-coblocks-row coblocks-row-77123959945\" data-columns=\"2\" data-layout=\"66-33\"><div class=\"wp-block-coblocks-row__inner has-no-padding has-no-margin is-stacked-on-mobile has-medium-gutter\">\n<div class=\"wp-block-coblocks-column coblocks-column-771240515\" style=\"width:66%\"><div class=\"wp-block-coblocks-column__inner has-no-padding has-no-margin\">\n<p><\/p>\n<\/div><\/div>\n\n\n\n<div class=\"wp-block-coblocks-column coblocks-column-771240519\" style=\"width:33%\"><div class=\"wp-block-coblocks-column__inner has-no-padding has-no-margin\"><\/div><\/div>\n<\/div><\/div>\n","protected":false},"excerpt":{"rendered":"<p>Uzman Personel Hemen Teknisyenlerimiz ar\u0131zaya m\u00fcdahale eder, kolay basit ve en iyi y\u00f6ntemlerle sorunlar\u0131 \u00e7\u00f6zerek ad\u0131m ad\u0131m sizi bilgilendirir. Garantili&hellip;<\/p>\n","protected":false},"author":1,"featured_media":0,"parent":0,"menu_order":0,"comment_status":"closed","ping_status":"closed","template":"","meta":{"_coblocks_attr":"","_coblocks_dimensions":"","_coblocks_responsive_height":"","_coblocks_accordion_ie_support":""},"_links":{"self":[{"href":"https:\/\/www.servislerbul.com\/derincearcelik\/wp-json\/wp\/v2\/pages\/156"}],"collection":[{"href":"https:\/\/www.servislerbul.com\/derincearcelik\/wp-json\/wp\/v2\/pages"}],"about":[{"href":"https:\/\/www.servislerbul.com\/derincearcelik\/wp-json\/wp\/v2\/types\/page"}],"author":[{"embeddable":true,"href":"https:\/\/www.servislerbul.com\/derincearcelik\/wp-json\/wp\/v2\/users\/1"}],"replies":[{"embeddable":true,"href":"https:\/\/www.servislerbul.com\/derincearcelik\/wp-json\/wp\/v2\/comments?post=156"}],"version-history":[{"count":11,"href":"https:\/\/www.servislerbul.com\/derincearcelik\/wp-json\/wp\/v2\/pages\/156\/revisions"}],"predecessor-version":[{"id":379,"href":"https:\/\/www.servislerbul.com\/derincearcelik\/wp-json\/wp\/v2\/pages\/156\/revisions\/379"}],"wp:attachment":[{"href":"https:\/\/www.servislerbul.com\/derincearcelik\/wp-json\/wp\/v2\/media?parent=156"}],"curies":[{"name":"wp","href":"https:\/\/api.w.org\/{rel}","templated":true}]}}